{"id":33,"date":"2021-09-23T03:28:10","date_gmt":"2021-09-23T03:28:10","guid":{"rendered":"https:\/\/demo.casethemes.net\/itfirm\/?page_id=33"},"modified":"2023-04-27T15:36:26","modified_gmt":"2023-04-27T15:36:26","slug":"hakkimizda","status":"publish","type":"page","link":"https:\/\/www.aydoganismak.com\/index.php\/hakkimizda\/","title":{"rendered":"HAKKIMIZDA"},"content":{"rendered":"\t\t<div data-elementor-type=\"wp-page\" data-elementor-id=\"33\" class=\"elementor elementor-33\">\n\t\t\t\t\t\t\t        <section class=\"elementor-section elementor-top-section elementor-element elementor-element-5099d28 elementor-section-boxed elementor-section-height-default elementor-section-height-default ct-header-fixed-none ct-column-none ct-row-scroll-none ct-row-gradient--none\" data-id=\"5099d28\" data-element_type=\"section\">\n            \n                        <div class=\"elementor-container elementor-column-gap-extended \">\n                    <div class=\"elementor-column elementor-col-50 elementor-top-column elementor-element elementor-element-3cf6c49 ct-column-none col-offset-none col-color-offset-none\" data-id=\"3cf6c49\" data-element_type=\"column\">\n            <div class=\"elementor-widget-wrap elementor-element-populated\">\n                        \t\t<div class=\"elementor-element elementor-element-461d76b4 elementor-widget elementor-widget-ct_heading\" data-id=\"461d76b4\" data-element_type=\"widget\" data-widget_type=\"ct_heading.default\">\n\t\t\t\t<div class=\"elementor-widget-container\">\n\t\t\t<div id=\"ct_heading-461d76b4\" class=\"ct-heading h-align- item-st-default highlight-style1\">\r\n  <div class=\"ct-heading--inner\"> \r\n    <div class=\"ct-inline-css\"  data-css=\"\r\n                                \">\r\n    <\/div>\r\n      <div class=\"item--text-below\">\r\n      <div class=\"ct-inline-css\"  data-css=\"\r\n        \">\r\n      <\/div>\r\n          <\/div>\r\n  \r\n\t\t\t<div class=\"item--sub-title style-icon-right \" data-wow-delay=\"ms\">\r\n                        <span>\r\n                Hakk\u0131mz\u0131da            <\/span>\r\n                            <svg class=\"svg-right\" xmlns=\"http:\/\/www.w3.org\/2000\/svg\" xmlns:xlink=\"http:\/\/www.w3.org\/1999\/xlink\" width=\"33\" height=\"21\" viewBox=\"0 0 33 21\">\r\n                  <defs>\r\n                    <style>\r\n                      .h-cls-1, .h-cls-2 {\r\n                        fill: none;\r\n                        stroke-width: 3px;\r\n                        fill-rule: evenodd;\r\n                      }\r\n\r\n                      .h-cls-1 {\r\n                        filter: url(#filter);\r\n                      }\r\n\r\n                      .h-cls-2 {\r\n                        filter: url(#filter-2);\r\n                      }\r\n                    <\/style>\r\n                    <filter id=\"right-h-filterct_heading-461d76b4\" x=\"-0.125\" y=\"-0.094\" width=\"32.406\" height=\"12\" filterUnits=\"userSpaceOnUse\">\r\n                      <feFlood result=\"flood\"\/>\r\n                      <feComposite result=\"composite\" operator=\"in\" in2=\"SourceGraphic\"\/>\r\n                      <feBlend result=\"blend\" in2=\"SourceGraphic\"\/>\r\n                    <\/filter>\r\n                    <filter id=\"right-h-filter-2ct_heading-461d76b4\" x=\"-10\" y=\"14.594\" width=\"29.656\" height=\"6.406\" filterUnits=\"userSpaceOnUse\">\r\n                      <feFlood result=\"flood\"\/>\r\n                      <feComposite result=\"composite\" operator=\"in\" in2=\"SourceGraphic\"\/>\r\n                      <feBlend result=\"blend\" in2=\"SourceGraphic\"\/>\r\n                    <\/filter>\r\n\r\n                    <linearGradient id=\"right-h-grad1ct_heading-461d76b4\" x1=\"0%\" y1=\"0%\" x2=\"100%\" y2=\"0%\">\r\n                      <stop offset=\"0%\" style=\"stop-color:#006cff;stop-opacity:1\" \/>\r\n                      <stop offset=\"100%\" style=\"stop-color:#1227b8;stop-opacity:1\" \/>\r\n                    <\/linearGradient>\r\n\r\n                  <\/defs>\r\n                  <g>\r\n                    <g style=\"fill: none; filter: url(#right-h-filterct_heading-461d76b4)\">\r\n                      <path id=\"right-h-pathct_heading-461d76b4\" class=\"h-cls-1\" d=\"M-0.117,8.9H27.036s5.078-3.073,0-6.517\" style=\"stroke: inherit; filter: none;\"\/>\r\n                    <\/g>\r\n                    <use xlink:href=\"#right-h-pathct_heading-461d76b4\" style=\"stroke: url(#right-h-grad1ct_heading-461d76b4); filter: none; fill: none\"\/>\r\n                    <g style=\"fill: none; filter: url(#right-h-filter-2ct_heading-461d76b4)\">\r\n                      <path id=\"right-h-bgct_heading-461d76b4\" class=\"h-cls-2\" d=\"M-9.991,14.594H17.352s5.114,3.027,0,6.422\" style=\"stroke: inherit; filter: none;\"\/>\r\n                    <\/g>\r\n                    <use xlink:href=\"#right-h-bgct_heading-461d76b4\" style=\"stroke: url(#right-h-grad1ct_heading-461d76b4); filter: none; fill: none\"\/>\r\n                  <\/g>\r\n                <\/svg>\r\n                    <\/div>\r\n\t    <h3 class=\"item--title st-default \" data-wow-delay=\"ms\">\r\n        <span class=\"ct-text-inner\">KURUMSAL<\/span>    <\/h3>\r\n  <\/div>\r\n<\/div>\r\n\t\t<\/div>\n\t\t\t\t<\/div>\n\t\t\t\t<div class=\"elementor-element elementor-element-6ce4e8d elementor-widget elementor-widget-ct_text_editor\" data-id=\"6ce4e8d\" data-element_type=\"widget\" data-widget_type=\"ct_text_editor.default\">\n\t\t\t\t<div class=\"elementor-widget-container\">\n\t\t\t<div id=\"ct_text_editor-6ce4e8d\" class=\"ct-text-editor \" data-wow-delay=\"ms\">\n\t<div class=\"ct-item--inner\">\n\t\t<div class=\"ct-inline-css\"  data-css=\"\n\t        \t\t\t\">\n\n\t    <\/div>\n\t\t<div class=\"ct-text-editor elementor-clearfix\">\n\t\t\t<p style=\"text-align: justify\">Aydo\u011fan \u0130\u015f Makineleri, 1999 y\u0131l\u0131ndan beri i\u015f makinelerinin (Catterpiller, Hitachi, Komatsu, Volvo) elektrik i\u015fleri, elektrik tesisatlar\u0131n\u0131n imalat, bak\u0131m ve onar\u0131m\u0131, elektronik \u00fcr\u00fcnlerinin tamiri, yedek par\u00e7a sat\u0131\u015flar\u0131 alanlar\u0131nda faaliyet g\u00f6stermektedir.<\/p><p style=\"text-align: justify\">1999 y\u0131l\u0131ndan gelen i\u015f tecr\u00fcbesi ve uzman kadrosunu m\u00fc\u015fterileri ile bulu\u015fturan Aydo\u011fan \u0130\u015f Makineleri, m\u00fc\u015fteri odakl\u0131 yakla\u015f\u0131m\u0131 ve hizmette kalite prensibi ile k\u0131sa s\u00fcre i\u00e7erisinde sekt\u00f6r\u00fcnde \u00f6nemli bir firma haline gelmi\u015ftir.<\/p><p style=\"text-align: justify\">Yenilik\u00e7i teknolojileri uygun fiyatlarla m\u00fc\u015fterileriyle bulu\u015fturmay\u0131 ba\u015faran Aydo\u011fan \u0130\u015f Makineleri bu yakla\u015f\u0131m\u0131yla yoluna devam etmekte ve mutlak m\u00fc\u015fteri memnuniyeti esasl\u0131 misyonu ile pazardaki pay\u0131n\u0131 her an artt\u0131rmaktad\u0131r.<\/p>\t\t\n\t\t<\/div>\n\t<\/div>\n<\/div>\t\t<\/div>\n\t\t\t\t<\/div>\n\t\t            <\/div>\n        <\/div>\n                <div class=\"elementor-column elementor-col-50 elementor-top-column elementor-element elementor-element-244f4bd ct-column-none col-offset-none col-color-offset-none\" data-id=\"244f4bd\" data-element_type=\"column\">\n            <div class=\"elementor-widget-wrap elementor-element-populated\">\n                        \t\t<div class=\"elementor-element elementor-element-9977bd5 elementor-widget elementor-widget-ct_banner\" data-id=\"9977bd5\" data-element_type=\"widget\" data-widget_type=\"ct_banner.default\">\n\t\t\t\t<div class=\"elementor-widget-container\">\n\t\t\t\t<div class=\"ct-banner ct-banner1 \" data-wow-delay=\"ms\">\r\n\t\t<div class=\"ct-banner-inner\">\r\n\t\t\t<div class=\"ct-banner-image\">\r\n\t\t\t\t<img decoding=\"async\" class=\"\" src=\"https:\/\/www.aydoganismak.com\/wp-content\/uploads\/2023\/03\/ascendum_2-1-800x530.jpg\" width=\"800\" height=\"530\" alt=\"ascendum_2 (1)\" title=\"ascendum_2 (1)\" \/>\t\t\t\t\t\t\t\t\t<div class=\"ct-banner-counter\">\r\n\t\t\t\t\t\t<div class=\"ct-counter-inner\">\r\n\t\t\t\t\t\t\t<div class=\"ct-counter-number-value\" data-duration=\"2000\" data-to-value=\"24\" data-delimiter=\"\"><\/div>\r\n\t\t\t\t\t\t\t<div class=\"ct-counter-title el-empty\">y\u0131ll\u0131k tecr\u00fcbe<\/div>\r\n\t\t\t\t\t\t<\/div>\r\n\t\t\t\t\t<\/div>\r\n\t\t\t\t\t\t\t<\/div>\r\n\t\t\t<div class=\"ct-banner-holder\">\r\n\t\t\t\t\t\t\t\t\t<div class=\"item--icon el-empty\">\r\n\t\t\t\t\t\t<i aria-hidden=\"true\" class=\"flaticon flaticon-best-seller\"><\/i>\t\t\t\t\t<\/div>\r\n\t\t\t\t\t\t\t\t<div class=\"ct-banner-meta\">\r\n\t\t\t\t\t<h5 class=\"item--title el-empty\">Sekt\u00f6rde \u00f6nc\u00fc...<\/h5>\r\n\t\t\t\t\t<div class=\"item--desc el-empty\">Mutlak m\u00fc\u015fteri memnuniyeti esasl\u0131 misyonu ile pazardaki pay\u0131n\u0131 her an artt\u0131rmaktad\u0131r.<\/div>\r\n\t\t\t\t<\/div>\r\n\t\t\t<\/div>\r\n\r\n\t\t<\/div>\r\n\t<\/div>\r\n\t\t<\/div>\n\t\t\t\t<\/div>\n\t\t            <\/div>\n        <\/div>\n                            <\/div>\n        <\/section>\n        \t\t\t\t\t<\/div>\n\t\t","protected":false},"excerpt":{"rendered":"<p>Hakk\u0131mz\u0131da KURUMSAL Aydo\u011fan \u0130\u015f Makineleri, 1999 y\u0131l\u0131ndan beri i\u015f makinelerinin (Catterpiller, Hitachi, Komatsu, Volvo) elektrik i\u015fleri, elektrik tesisatlar\u0131n\u0131n imalat, bak\u0131m ve onar\u0131m\u0131, elektronik \u00fcr\u00fcnlerinin tamiri, yedek par\u00e7a sat\u0131\u015flar\u0131 alanlar\u0131nda faaliyet g\u00f6stermektedir. 1999 y\u0131l\u0131ndan gelen i\u015f tecr\u00fcbesi ve uzman kadrosunu m\u00fc\u015fterileri ile bulu\u015fturan Aydo\u011fan \u0130\u015f Makineleri, m\u00fc\u015fteri odakl\u0131 yakla\u015f\u0131m\u0131 ve hizmette kalite prensibi ile k\u0131sa s\u00fcre [&hellip;]<\/p>\n","protected":false},"author":1,"featured_media":0,"parent":0,"menu_order":0,"comment_status":"closed","ping_status":"closed","template":"","meta":{"footnotes":""},"class_list":["post-33","page","type-page","status-publish","hentry"],"_links":{"self":[{"href":"https:\/\/www.aydoganismak.com\/index.php\/wp-json\/wp\/v2\/pages\/33","targetHints":{"allow":["GET"]}}],"collection":[{"href":"https:\/\/www.aydoganismak.com\/index.php\/wp-json\/wp\/v2\/pages"}],"about":[{"href":"https:\/\/www.aydoganismak.com\/index.php\/wp-json\/wp\/v2\/types\/page"}],"author":[{"embeddable":true,"href":"https:\/\/www.aydoganismak.com\/index.php\/wp-json\/wp\/v2\/users\/1"}],"replies":[{"embeddable":true,"href":"https:\/\/www.aydoganismak.com\/index.php\/wp-json\/wp\/v2\/comments?post=33"}],"version-history":[{"count":12,"href":"https:\/\/www.aydoganismak.com\/index.php\/wp-json\/wp\/v2\/pages\/33\/revisions"}],"predecessor-version":[{"id":9273,"href":"https:\/\/www.aydoganismak.com\/index.php\/wp-json\/wp\/v2\/pages\/33\/revisions\/9273"}],"wp:attachment":[{"href":"https:\/\/www.aydoganismak.com\/index.php\/wp-json\/wp\/v2\/media?parent=33"}],"curies":[{"name":"wp","href":"https:\/\/api.w.org\/{rel}","templated":true}]}}