{"id":41,"date":"2021-09-23T03:28:48","date_gmt":"2021-09-23T03:28:48","guid":{"rendered":"https:\/\/demo.casethemes.net\/itfirm\/?page_id=41"},"modified":"2023-04-12T11:55:15","modified_gmt":"2023-04-12T11:55:15","slug":"iletisim","status":"publish","type":"page","link":"https:\/\/www.aydoganismak.com\/index.php\/iletisim\/","title":{"rendered":"\u0130LET\u0130\u015e\u0130M"},"content":{"rendered":"\t\t<div data-elementor-type=\"wp-page\" data-elementor-id=\"41\" class=\"elementor elementor-41\">\n\t\t\t\t\t\t\t        <section class=\"elementor-section elementor-top-section elementor-element elementor-element-7f2cff6 elementor-section-stretched elementor-section-boxed elementor-section-height-default elementor-section-height-default ct-header-fixed-none ct-column-none ct-row-scroll-none ct-row-gradient--none\" data-id=\"7f2cff6\" data-element_type=\"section\" data-settings=\"{&quot;stretch_section&quot;:&quot;section-stretched&quot;,&quot;background_background&quot;:&quot;classic&quot;}\">\n            \n                        <div class=\"elementor-container elementor-column-gap-extended \">\n                    <div class=\"elementor-column elementor-col-100 elementor-top-column elementor-element elementor-element-cd7c79a ct-column-none col-offset-none col-color-offset-none\" data-id=\"cd7c79a\" data-element_type=\"column\">\n            <div class=\"elementor-widget-wrap elementor-element-populated\">\n                                <section class=\"elementor-section elementor-inner-section elementor-element elementor-element-192ebe7 elementor-section-content-middle elementor-section-boxed elementor-section-height-default elementor-section-height-default ct-header-fixed-none ct-column-none ct-row-scroll-none ct-row-gradient--none\" data-id=\"192ebe7\" data-element_type=\"section\">\n            \n                        <div class=\"elementor-container elementor-column-gap-extended \">\n                    <div class=\"elementor-column elementor-col-50 elementor-inner-column elementor-element elementor-element-84d320e ct-column-none col-offset-none col-color-offset-none\" data-id=\"84d320e\" data-element_type=\"column\">\n            <div class=\"elementor-widget-wrap elementor-element-populated\">\n                        \t\t<div class=\"elementor-element elementor-element-f993f7e elementor-widget elementor-widget-ct_fancy_box\" data-id=\"f993f7e\" data-element_type=\"widget\" data-widget_type=\"ct_fancy_box.default\">\n\t\t\t\t<div class=\"elementor-widget-container\">\n\t\t\t<div id=\"ct_fancy_box-f993f7e\" class=\"ct-fancy-box ct-fancy-box-layout1  style1\" data-wow-delay=\"ms\">\r\n    <div class=\"ct-inline-css\"  data-css=\"\r\n        \">\r\n    <\/div>\r\n    <div class=\"item--inner\">\r\n                    <div class=\"item--icon\">\r\n                <i aria-hidden=\"true\" class=\"flaticon flaticon-address\"><\/i>            <\/div>\r\n                        <div class=\"item--meta\">\r\n            <h4 class=\"item--title\">\r\n                Adres            <\/h4>\r\n            <div class=\"item--description\">\u0130VED\u0130K OSB 1446.CAD. NO:51 Yenimahalle\/Ankara<\/div>\r\n        <\/div>\r\n    <\/div>\r\n<\/div>\t\t<\/div>\n\t\t\t\t<\/div>\n\t\t\t\t<div class=\"elementor-element elementor-element-4bdc935 elementor-widget elementor-widget-ct_fancy_box\" data-id=\"4bdc935\" data-element_type=\"widget\" data-widget_type=\"ct_fancy_box.default\">\n\t\t\t\t<div class=\"elementor-widget-container\">\n\t\t\t<div id=\"ct_fancy_box-4bdc935\" class=\"ct-fancy-box ct-fancy-box-layout1  style1\" data-wow-delay=\"ms\">\r\n    <div class=\"ct-inline-css\"  data-css=\"\r\n        \">\r\n    <\/div>\r\n    <div class=\"item--inner\">\r\n                    <div class=\"item--icon\">\r\n                <i aria-hidden=\"true\" class=\"flaticon flaticon-24-hours-support\"><\/i>            <\/div>\r\n                        <div class=\"item--meta\">\r\n            <h4 class=\"item--title\">\r\n                Telefon            <\/h4>\r\n            <div class=\"item--description\">+90 312 354 9009<\/div>\r\n        <\/div>\r\n    <\/div>\r\n<\/div>\t\t<\/div>\n\t\t\t\t<\/div>\n\t\t\t\t<div class=\"elementor-element elementor-element-82fcc19 elementor-widget elementor-widget-ct_fancy_box\" data-id=\"82fcc19\" data-element_type=\"widget\" data-widget_type=\"ct_fancy_box.default\">\n\t\t\t\t<div class=\"elementor-widget-container\">\n\t\t\t<div id=\"ct_fancy_box-82fcc19\" class=\"ct-fancy-box ct-fancy-box-layout1  style1\" data-wow-delay=\"ms\">\r\n    <div class=\"ct-inline-css\"  data-css=\"\r\n        \">\r\n    <\/div>\r\n    <div class=\"item--inner\">\r\n                    <div class=\"item--icon\">\r\n                <i aria-hidden=\"true\" class=\"flaticon flaticon-email-1\"><\/i>            <\/div>\r\n                        <div class=\"item--meta\">\r\n            <h4 class=\"item--title\">\r\n                E-mail            <\/h4>\r\n            <div class=\"item--description\">info@aydoganismak.com<\/div>\r\n        <\/div>\r\n    <\/div>\r\n<\/div>\t\t<\/div>\n\t\t\t\t<\/div>\n\t\t            <\/div>\n        <\/div>\n                <div class=\"elementor-column elementor-col-50 elementor-inner-column elementor-element elementor-element-2c37c6f ct-column-none col-offset-none col-color-offset-none\" data-id=\"2c37c6f\" data-element_type=\"column\">\n            <div class=\"elementor-widget-wrap elementor-element-populated\">\n                        \t\t<div class=\"elementor-element elementor-element-487d65e elementor-widget elementor-widget-ct_contact_form\" data-id=\"487d65e\" data-element_type=\"widget\" data-widget_type=\"ct_contact_form.default\">\n\t\t\t\t<div class=\"elementor-widget-container\">\n\t\t\t    <div class=\"ct-contact-form ct-contact-form-layout1 style1 \">\r\n    \t        <div class=\"ct-contact-form\">\r\n            \n<div class=\"wpcf7 no-js\" id=\"wpcf7-f420-o1\" lang=\"en-US\" dir=\"ltr\">\n<div class=\"screen-reader-response\"><p role=\"status\" aria-live=\"polite\" aria-atomic=\"true\"><\/p> <ul><\/ul><\/div>\n<form action=\"\/index.php\/wp-json\/wp\/v2\/pages\/41#wpcf7-f420-o1\" method=\"post\" class=\"wpcf7-form init\" aria-label=\"Contact form\" novalidate=\"novalidate\" data-status=\"init\">\n<div style=\"display: none;\">\n<input type=\"hidden\" name=\"_wpcf7\" value=\"420\" \/>\n<input type=\"hidden\" name=\"_wpcf7_version\" value=\"5.7.6\" \/>\n<input type=\"hidden\" name=\"_wpcf7_locale\" value=\"en_US\" \/>\n<input type=\"hidden\" name=\"_wpcf7_unit_tag\" value=\"wpcf7-f420-o1\" \/>\n<input type=\"hidden\" name=\"_wpcf7_container_post\" value=\"0\" \/>\n<input type=\"hidden\" name=\"_wpcf7_posted_data_hash\" value=\"\" \/>\n<\/div>\n<div class=\"row\">\n\t<div class=\"input-filled col-lg-6 col-md-6\">\n\t\t<p><label>Ad Soyad<\/label><span class=\"wpcf7-form-control-wrap\" data-name=\"your-name\"><input size=\"40\" class=\"wpcf7-form-control wpcf7-text wpcf7-validates-as-required\" aria-required=\"true\" aria-invalid=\"false\" placeholder=\"Ad Soyad*\" value=\"\" type=\"text\" name=\"your-name\" \/><\/span>\n\t\t<\/p>\n\t<\/div>\n\t<div class=\"input-filled col-lg-6 col-md-6\">\n\t\t<p><label>E-mail<\/label><span class=\"wpcf7-form-control-wrap\" data-name=\"your-email\"><input size=\"40\" class=\"wpcf7-form-control wpcf7-text wpcf7-email wpcf7-validates-as-required wpcf7-validates-as-email\" aria-required=\"true\" aria-invalid=\"false\" placeholder=\"Mail*\" value=\"\" type=\"email\" name=\"your-email\" \/><\/span>\n\t\t<\/p>\n\t<\/div>\n<\/div>\n<div class=\"row\">\n\t<div class=\"input-filled col-lg-6 col-md-6\">\n\t\t<p><label>Telefon<\/label><span class=\"wpcf7-form-control-wrap\" data-name=\"your-phone\"><input size=\"40\" class=\"wpcf7-form-control wpcf7-text\" aria-invalid=\"false\" placeholder=\"Telefon\" value=\"\" type=\"text\" name=\"your-phone\" \/><\/span>\n\t\t<\/p>\n\t<\/div>\n\t<div class=\"input-filled col-lg-6 col-md-6\">\n\t\t<p><label>Se\u00e7iniz<\/label><span class=\"wpcf7-form-control-wrap\" data-name=\"your-service\"><select class=\"wpcf7-form-control wpcf7-select wpcf7-validates-as-required\" aria-required=\"true\" aria-invalid=\"false\" name=\"your-service\"><option value=\"Hizmet Se\u00e7in\">Hizmet Se\u00e7in<\/option><option value=\"Teklif\">Teklif<\/option><option value=\"Servis\">Servis<\/option><option value=\"Bak\u0131m\">Bak\u0131m<\/option><option value=\"Yedek Par\u00e7a\">Yedek Par\u00e7a<\/option><\/select><\/span>\n\t\t<\/p>\n\t<\/div>\n<\/div>\n<div class=\"row\">\n\t<div class=\"input-filled col-12\">\n\t\t<p><label>Mesaj\u0131n\u0131z<\/label><span class=\"wpcf7-form-control-wrap\" data-name=\"your-message\"><textarea cols=\"40\" rows=\"10\" class=\"wpcf7-form-control wpcf7-textarea wpcf7-validates-as-required\" aria-required=\"true\" aria-invalid=\"false\" placeholder=\"Mesaj\u0131n\u0131z\u0131 Yaz\u0131n*\" name=\"your-message\"><\/textarea><\/span>\n\t\t<\/p>\n\t<\/div>\n\t<div class=\"input-filled col-12\">\n\t\t<p><button type=\"submit\" class=\"wpcf7-submit btn\">Mesaj\u0131 \u0130let<\/button>\n\t\t<\/p>\n\t<\/div>\n<\/div><div class=\"wpcf7-response-output\" aria-hidden=\"true\"><\/div>\n<\/form>\n<\/div>\n        <\/div>\r\n    <\/div>\r\n\t\t<\/div>\n\t\t\t\t<\/div>\n\t\t            <\/div>\n        <\/div>\n                            <\/div>\n        <\/section>\n                    <\/div>\n        <\/div>\n                            <\/div>\n        <\/section>\n                <section class=\"elementor-section elementor-top-section elementor-element elementor-element-bcfba8e elementor-section-full_width elementor-section-stretched elementor-section-height-default elementor-section-height-default ct-header-fixed-none ct-column-none ct-row-scroll-none ct-row-gradient--none ct-container-none\" data-id=\"bcfba8e\" data-element_type=\"section\" data-settings=\"{&quot;stretch_section&quot;:&quot;section-stretched&quot;}\">\n            \n                        <div class=\"elementor-container elementor-column-gap-no \">\n                    <div class=\"elementor-column elementor-col-100 elementor-top-column elementor-element elementor-element-d3c356e ct-column-none col-offset-none col-color-offset-none\" data-id=\"d3c356e\" data-element_type=\"column\">\n            <div class=\"elementor-widget-wrap elementor-element-populated\">\n                        \t\t<div class=\"elementor-element elementor-element-0bd3cf5 elementor-widget elementor-widget-google_maps\" data-id=\"0bd3cf5\" data-element_type=\"widget\" data-widget_type=\"google_maps.default\">\n\t\t\t\t<div class=\"elementor-widget-container\">\n\t\t\t<style>\/*! elementor - v3.13.2 - 11-05-2023 *\/\n.elementor-widget-google_maps .elementor-widget-container{overflow:hidden}.elementor-widget-google_maps .elementor-custom-embed{line-height:0}.elementor-widget-google_maps iframe{height:300px}<\/style>\t\t<div class=\"elementor-custom-embed\">\n\t\t\t<iframe loading=\"lazy\"\n\t\t\t\t\tsrc=\"https:\/\/maps.google.com\/maps?q=Serhat%2C%201446.%20Sk.%20No%3A51%2C%2006378%20%C4%B0vedik%20Osb%2FYenimahalle%2FAnkara&#038;t=m&#038;z=15&#038;output=embed&#038;iwloc=near\"\n\t\t\t\t\ttitle=\"Serhat, 1446. Sk. No:51, 06378 \u0130vedik Osb\/Yenimahalle\/Ankara\"\n\t\t\t\t\taria-label=\"Serhat, 1446. Sk. No:51, 06378 \u0130vedik Osb\/Yenimahalle\/Ankara\"\n\t\t\t><\/iframe>\n\t\t<\/div>\n\t\t\t\t<\/div>\n\t\t\t\t<\/div>\n\t\t            <\/div>\n        <\/div>\n                            <\/div>\n        <\/section>\n        \t\t\t\t\t<\/div>\n\t\t","protected":false},"excerpt":{"rendered":"<p>Adres \u0130VED\u0130K OSB 1446.CAD. NO:51 Yenimahalle\/Ankara Telefon +90 312 354 9009 E-mail info@aydoganismak.com Ad Soyad E-mail Telefon Se\u00e7inizHizmet Se\u00e7inServisBak\u0131myedek Par\u00e7a Mesaj\u0131n\u0131z Send message<\/p>\n","protected":false},"author":1,"featured_media":0,"parent":0,"menu_order":0,"comment_status":"closed","ping_status":"closed","template":"","meta":{"footnotes":""},"class_list":["post-41","page","type-page","status-publish","hentry"],"_links":{"self":[{"href":"https:\/\/www.aydoganismak.com\/index.php\/wp-json\/wp\/v2\/pages\/41","targetHints":{"allow":["GET"]}}],"collection":[{"href":"https:\/\/www.aydoganismak.com\/index.php\/wp-json\/wp\/v2\/pages"}],"about":[{"href":"https:\/\/www.aydoganismak.com\/index.php\/wp-json\/wp\/v2\/types\/page"}],"author":[{"embeddable":true,"href":"https:\/\/www.aydoganismak.com\/index.php\/wp-json\/wp\/v2\/users\/1"}],"replies":[{"embeddable":true,"href":"https:\/\/www.aydoganismak.com\/index.php\/wp-json\/wp\/v2\/comments?post=41"}],"version-history":[{"count":13,"href":"https:\/\/www.aydoganismak.com\/index.php\/wp-json\/wp\/v2\/pages\/41\/revisions"}],"predecessor-version":[{"id":9216,"href":"https:\/\/www.aydoganismak.com\/index.php\/wp-json\/wp\/v2\/pages\/41\/revisions\/9216"}],"wp:attachment":[{"href":"https:\/\/www.aydoganismak.com\/index.php\/wp-json\/wp\/v2\/media?parent=41"}],"curies":[{"name":"wp","href":"https:\/\/api.w.org\/{rel}","templated":true}]}}