{"id":9042,"date":"2023-03-24T10:21:06","date_gmt":"2023-03-24T10:21:06","guid":{"rendered":"https:\/\/alfayazilim.com.tr\/aydogan\/?page_id=9042"},"modified":"2023-03-24T10:21:06","modified_gmt":"2023-03-24T10:21:06","slug":"urunlerimiz","status":"publish","type":"page","link":"https:\/\/www.aydoganismak.com\/index.php\/urunlerimiz\/","title":{"rendered":"\u00dcR\u00dcNLER\u0130M\u0130Z"},"content":{"rendered":"","protected":false},"excerpt":{"rendered":"","protected":false},"author":1,"featured_media":0,"parent":0,"menu_order":0,"comment_status":"closed","ping_status":"closed","template":"","meta":{"footnotes":""},"class_list":["post-9042","page","type-page","status-publish","hentry"],"_links":{"self":[{"href":"https:\/\/www.aydoganismak.com\/index.php\/wp-json\/wp\/v2\/pages\/9042","targetHints":{"allow":["GET"]}}],"collection":[{"href":"https:\/\/www.aydoganismak.com\/index.php\/wp-json\/wp\/v2\/pages"}],"about":[{"href":"https:\/\/www.aydoganismak.com\/index.php\/wp-json\/wp\/v2\/types\/page"}],"author":[{"embeddable":true,"href":"https:\/\/www.aydoganismak.com\/index.php\/wp-json\/wp\/v2\/users\/1"}],"replies":[{"embeddable":true,"href":"https:\/\/www.aydoganismak.com\/index.php\/wp-json\/wp\/v2\/comments?post=9042"}],"version-history":[{"count":1,"href":"https:\/\/www.aydoganismak.com\/index.php\/wp-json\/wp\/v2\/pages\/9042\/revisions"}],"predecessor-version":[{"id":9043,"href":"https:\/\/www.aydoganismak.com\/index.php\/wp-json\/wp\/v2\/pages\/9042\/revisions\/9043"}],"wp:attachment":[{"href":"https:\/\/www.aydoganismak.com\/index.php\/wp-json\/wp\/v2\/media?parent=9042"}],"curies":[{"name":"wp","href":"https:\/\/api.w.org\/{rel}","templated":true}]}}