{"id":9168,"date":"2023-04-06T08:28:26","date_gmt":"2023-04-06T08:28:26","guid":{"rendered":"https:\/\/alfayazilim.com.tr\/aydogan\/?page_id=9168"},"modified":"2023-04-06T08:43:27","modified_gmt":"2023-04-06T08:43:27","slug":"is-makineleri-elektrik-tesisati-imalat","status":"publish","type":"page","link":"https:\/\/www.aydoganismak.com\/index.php\/hizmetlerimiz\/is-makineleri-elektrik-tesisati-imalat\/","title":{"rendered":"\u0130\u015f Makineleri Elektrik Tesisat\u0131 \u0130malat"},"content":{"rendered":"<p style=\"text-align: justify;\">\u0130\u015f makineleri faaliyetleri gere\u011fi\u00a0 sert ko\u015fullarda \u00e7al\u0131\u015fmakta bundan dolay\u0131 darbeye, sars\u0131nt\u0131ya ve \u0131s\u0131ya maruz kalmaktad\u0131rlar. T\u00fcm bu d\u0131\u015f etkenler i\u015f makinelerinin tesisatlar\u0131n\u0131 da di\u011fer t\u00fcm komponentler gibi olumsuz etkilemektedir. Buna ek olarak dayan\u0131ks\u0131z ve yanl\u0131\u015f malzemelerle \u00fcretilen tesisatlar sadece tahrip olmamakta ayr\u0131ca di\u011fer t\u00fcm elektrik ve elektronik bile\u015fenlerin \u00f6mr\u00fcn\u00fc k\u0131saltmaktad\u0131r.<\/p>\n<p style=\"text-align: justify;\">Aydo\u011fan \u0130\u015f Makinalar\u0131, i\u015f makinalar\u0131n\u0131n en \u00f6nemli\u00a0 gider kalemi say\u0131labilecek elektrik tesisatlar\u0131n\u0131 sizin i\u00e7in s\u0131f\u0131rdan \u00fcretmekte, e\u011fer \u00fcretimi m\u00fcmk\u00fcn de\u011fil ise Avrupa ve Asya\u2019da olu\u015fturmu\u015f oldu\u011fu genis network \u00fc ile talep etmi\u015f oldu\u011funuz elektrik tesisat\u0131n\u0131 en k\u0131sa s\u00fcrede ve en uygun fiyata tedarik edebilmektedir. \u00a0Ayr\u0131ca proje a\u015famas\u0131nda ki elektrik tesisatlar\u0131n\u0131za m\u00fchendislik hizmeti sunmaktay\u0131z.<\/p>\n<p style=\"text-align: justify;\">Aydo\u011fan i\u015f makinalar\u0131 \u00e7eyrek as\u0131rl\u0131k deneyimi ve uzman kadrosu ile elektrik tesisat\u0131n\u0131z ile ilgili en makul\u00a0 \u00e7\u00f6z\u00fcmleri sizlere sunmak ister.<\/p>\n","protected":false},"excerpt":{"rendered":"<p>\u0130\u015f makineleri faaliyetleri gere\u011fi\u00a0 sert ko\u015fullarda \u00e7al\u0131\u015fmakta bundan dolay\u0131 darbeye, sars\u0131nt\u0131ya ve \u0131s\u0131ya maruz kalmaktad\u0131rlar. T\u00fcm bu d\u0131\u015f etkenler i\u015f makinelerinin tesisatlar\u0131n\u0131 da di\u011fer t\u00fcm komponentler gibi olumsuz etkilemektedir. Buna ek olarak dayan\u0131ks\u0131z ve yanl\u0131\u015f malzemelerle \u00fcretilen tesisatlar sadece tahrip olmamakta ayr\u0131ca di\u011fer t\u00fcm elektrik ve elektronik bile\u015fenlerin \u00f6mr\u00fcn\u00fc k\u0131saltmaktad\u0131r. Aydo\u011fan \u0130\u015f Makinalar\u0131, i\u015f makinalar\u0131n\u0131n [&hellip;]<\/p>\n","protected":false},"author":1,"featured_media":0,"parent":9040,"menu_order":0,"comment_status":"closed","ping_status":"closed","template":"","meta":{"footnotes":""},"class_list":["post-9168","page","type-page","status-publish","hentry"],"_links":{"self":[{"href":"https:\/\/www.aydoganismak.com\/index.php\/wp-json\/wp\/v2\/pages\/9168","targetHints":{"allow":["GET"]}}],"collection":[{"href":"https:\/\/www.aydoganismak.com\/index.php\/wp-json\/wp\/v2\/pages"}],"about":[{"href":"https:\/\/www.aydoganismak.com\/index.php\/wp-json\/wp\/v2\/types\/page"}],"author":[{"embeddable":true,"href":"https:\/\/www.aydoganismak.com\/index.php\/wp-json\/wp\/v2\/users\/1"}],"replies":[{"embeddable":true,"href":"https:\/\/www.aydoganismak.com\/index.php\/wp-json\/wp\/v2\/comments?post=9168"}],"version-history":[{"count":2,"href":"https:\/\/www.aydoganismak.com\/index.php\/wp-json\/wp\/v2\/pages\/9168\/revisions"}],"predecessor-version":[{"id":9189,"href":"https:\/\/www.aydoganismak.com\/index.php\/wp-json\/wp\/v2\/pages\/9168\/revisions\/9189"}],"up":[{"embeddable":true,"href":"https:\/\/www.aydoganismak.com\/index.php\/wp-json\/wp\/v2\/pages\/9040"}],"wp:attachment":[{"href":"https:\/\/www.aydoganismak.com\/index.php\/wp-json\/wp\/v2\/media?parent=9168"}],"curies":[{"name":"wp","href":"https:\/\/api.w.org\/{rel}","templated":true}]}}