{"id":9170,"date":"2023-04-06T08:30:27","date_gmt":"2023-04-06T08:30:27","guid":{"rendered":"https:\/\/alfayazilim.com.tr\/aydogan\/?page_id=9170"},"modified":"2023-04-06T08:48:46","modified_gmt":"2023-04-06T08:48:46","slug":"is-makineleri-yedek-parca-satis","status":"publish","type":"page","link":"https:\/\/www.aydoganismak.com\/index.php\/hizmetlerimiz\/is-makineleri-yedek-parca-satis\/","title":{"rendered":"\u0130\u015f Makineleri Yedek Par\u00e7a Sat\u0131\u015f"},"content":{"rendered":"<p><strong>\u0130\u015e MAK\u0130NELER\u0130 YEDEK PAR\u00c7A SATI\u015e \u2013 BAKIM VE ONARIM<\/strong><\/p>\n<p>\u0130\u015f makinelerindeki ar\u0131zalar\u0131n h\u0131zl\u0131ca \u00e7\u00f6z\u00fclmesi zaman\u0131n do\u011fru y\u00f6netilebilmesi \u00a0ve maddi kay\u0131plar\u0131n \u00f6n\u00fcne ge\u00e7ilebilmesi \u00a0i\u00e7in hayati \u00f6nem ta\u015f\u0131r. Ancak iyi bir ar\u0131za \u00e7\u00f6z\u00fcm\u00fc uygun yedek par\u00e7a tedariki ile m\u00fcmk\u00fcn olabilir. Ar\u0131zalar\u0131 giderildi\u011fi d\u00fc\u015f\u00fcn\u00fclen bir\u00e7ok i\u015f makinesi, asl\u0131nda sadece o anda hareket ettirilmekte,\u00a0 yanl\u0131\u015f yedek par\u00e7a se\u00e7imi y\u00fcz\u00fcnden k\u0131sa s\u00fcrede ayn\u0131 ar\u0131zay\u0131 tekrarlamakta veya ek olabilecek ba\u015fka ar\u0131zalara neden olabilmektedir. Unutulmamal\u0131d\u0131r ki mekanik ve elektronik cihazlardaki bile\u015fenler\u00a0 uzun u\u011fra\u015flar sonucunda bir arada \u00e7al\u0131\u015fabilir hale getirilmi\u015ftir ve sonradan eklenen \u00fcr\u00fcnlerin bu uyumu bozmamas\u0131 gerekir.\u00a0 Bu y\u00fczden yedek par\u00e7a temini mutlaka uzman ki\u015filer taraf\u0131ndan yap\u0131lmal\u0131d\u0131r.<\/p>\n<p>Aydo\u011fan \u0130\u015f Makineleri\u00a0 y\u0131llar i\u00e7inde kazand\u0131\u011f\u0131 tecr\u00fcbesi ve teknik ekibinin yeterlili\u011fi sayesinde bu \u00fcr\u00fcnleri sizin i\u00e7in k\u0131sa s\u00fcrede ve uygun fiyatlara tedarik edebilir. \u015eantiye deneyimleri sayesinde her ar\u0131zay\u0131 daha \u00f6nce bir\u00e7ok defa g\u00f6rm\u00fc\u015f ve y\u0131llar i\u00e7erisinde ar\u0131zaya en uygun ve pratik \u00e7\u00f6z\u00fcmleri \u00fcretebilme prensibi kazanm\u0131\u015ft\u0131r. Asya ve Avrupa pazar\u0131nda benzer faaliyet g\u00f6steren tedarik\u00e7i firmalarla dirsek temas\u0131nda olmas\u0131, \u00fcr\u00fcnleri k\u0131sa s\u00fcre i\u00e7erisinde temin edebilmesi a\u00e7\u0131s\u0131ndan avantaj kazand\u0131rm\u0131\u015ft\u0131r.<\/p>\n","protected":false},"excerpt":{"rendered":"<p>\u0130\u015e MAK\u0130NELER\u0130 YEDEK PAR\u00c7A SATI\u015e \u2013 BAKIM VE ONARIM \u0130\u015f makinelerindeki ar\u0131zalar\u0131n h\u0131zl\u0131ca \u00e7\u00f6z\u00fclmesi zaman\u0131n do\u011fru y\u00f6netilebilmesi \u00a0ve maddi kay\u0131plar\u0131n \u00f6n\u00fcne ge\u00e7ilebilmesi \u00a0i\u00e7in hayati \u00f6nem ta\u015f\u0131r. Ancak iyi bir ar\u0131za \u00e7\u00f6z\u00fcm\u00fc uygun yedek par\u00e7a tedariki ile m\u00fcmk\u00fcn olabilir. Ar\u0131zalar\u0131 giderildi\u011fi d\u00fc\u015f\u00fcn\u00fclen bir\u00e7ok i\u015f makinesi, asl\u0131nda sadece o anda hareket ettirilmekte,\u00a0 yanl\u0131\u015f yedek par\u00e7a se\u00e7imi y\u00fcz\u00fcnden [&hellip;]<\/p>\n","protected":false},"author":1,"featured_media":0,"parent":9040,"menu_order":0,"comment_status":"closed","ping_status":"closed","template":"","meta":{"footnotes":""},"class_list":["post-9170","page","type-page","status-publish","hentry"],"_links":{"self":[{"href":"https:\/\/www.aydoganismak.com\/index.php\/wp-json\/wp\/v2\/pages\/9170","targetHints":{"allow":["GET"]}}],"collection":[{"href":"https:\/\/www.aydoganismak.com\/index.php\/wp-json\/wp\/v2\/pages"}],"about":[{"href":"https:\/\/www.aydoganismak.com\/index.php\/wp-json\/wp\/v2\/types\/page"}],"author":[{"embeddable":true,"href":"https:\/\/www.aydoganismak.com\/index.php\/wp-json\/wp\/v2\/users\/1"}],"replies":[{"embeddable":true,"href":"https:\/\/www.aydoganismak.com\/index.php\/wp-json\/wp\/v2\/comments?post=9170"}],"version-history":[{"count":2,"href":"https:\/\/www.aydoganismak.com\/index.php\/wp-json\/wp\/v2\/pages\/9170\/revisions"}],"predecessor-version":[{"id":9195,"href":"https:\/\/www.aydoganismak.com\/index.php\/wp-json\/wp\/v2\/pages\/9170\/revisions\/9195"}],"up":[{"embeddable":true,"href":"https:\/\/www.aydoganismak.com\/index.php\/wp-json\/wp\/v2\/pages\/9040"}],"wp:attachment":[{"href":"https:\/\/www.aydoganismak.com\/index.php\/wp-json\/wp\/v2\/media?parent=9170"}],"curies":[{"name":"wp","href":"https:\/\/api.w.org\/{rel}","templated":true}]}}