{"id":9172,"date":"2023-04-06T08:32:31","date_gmt":"2023-04-06T08:32:31","guid":{"rendered":"https:\/\/alfayazilim.com.tr\/aydogan\/?page_id=9172"},"modified":"2023-04-06T08:49:20","modified_gmt":"2023-04-06T08:49:20","slug":"is-makineleri-elektronik-urunlerin-satis","status":"publish","type":"page","link":"https:\/\/www.aydoganismak.com\/index.php\/hizmetlerimiz\/is-makineleri-elektronik-urunlerin-satis\/","title":{"rendered":"\u0130\u015f Makineleri Elektronik \u00dcr\u00fcnlerin Sat\u0131\u015f"},"content":{"rendered":"<p><strong>\u0130\u015e MAK\u0130NELER\u0130 ELEKTRON\u0130K \u00dcR\u00dcNLER\u0130N SATI\u015e \u2013 BAKIM VE ONARIM<\/strong><\/p>\n<p>\u0130\u015f makinelerinde bir\u00e7ok elektronik \u00fcr\u00fcn bulunmaktad\u0131r\u00a0 ( ECM ,Monit\u00f6r,Kontrol panli, g\u00f6sterge paneli, elektronik pedal\u00a0 ve joystick\u00a0 v.b&#8230; ). Elektronik \u00fcr\u00fcnler yap\u0131s\u0131 gere\u011fi \u0131s\u0131 ve titre\u015fimden etkilenmekte ve bu durum \u00fcr\u00fcnlerin zaman i\u00e7ersisinde ar\u0131zalanmas\u0131na ya da d\u00fczg\u00fcn \u00e7al\u0131\u015famamas\u0131na neden olmaktad\u0131r. Bunlara ek olarak makinelerin a\u011f\u0131r ko\u015fullarda ve uzun s\u00fcreler boyunca \u00e7al\u0131\u015ft\u0131\u011f\u0131 d\u00fc\u015f\u00fcn\u00fcld\u00fc\u011f\u00fcnde elektronik \u00fcr\u00fcnlerin bozulmas\u0131na neden olacak ba\u015fka bir\u00e7ok fakt\u00f6r d\u00fc\u015f\u00fcn\u00fclebilir. \u00a0Bu \u00fcr\u00fcnlerde olu\u015facak ufak bir ar\u0131za, \u00a0ba\u015fta kolayl\u0131kla tamir edilebilecek durumda iken, yanl\u0131\u015f ar\u0131za tespiti veya uzman ki\u015filerce yap\u0131lmayan tamirler nedeniyle a\u011f\u0131r maddi hasarlara neden olmaktad\u0131r.\u00a0 Bu y\u00fczden maddi kay\u0131plar\u0131n \u00f6n\u00fcne ge\u00e7mek i\u00e7in ar\u0131zalar ba\u015flang\u0131\u00e7 a\u015famas\u0131nda tespit edilmeli ve bu \u00fcr\u00fcnlerin tamiri mutlaka mesleklerinde deneyimli ve belgeli teknik personellere yapt\u0131r\u0131lmal\u0131d\u0131r.<\/p>\n<p>Aydo\u011fan \u0130\u015f Makineleri deneyimli ekibi ve teknik personelleriyle bu ar\u0131zlar\u0131n tespitini sizin i\u00e7in yapmakta, ar\u0131za olmas\u0131 durumunda \u00fcr\u00fcnlerin ar\u0131zalar\u0131n\u0131 kolayl\u0131kla \u00e7\u00f6zebilmektedir. Ayr\u0131ca, tamir edilemeyecek durumda olan elektronik bile\u015fenlerin tedarikini en k\u0131sa s\u00fcrede ve en uygun fiyata \u00e7\u00f6z\u00fcmleyebilmektedir. \u00a0Do\u011fru \u00fcr\u00fcn se\u00e7imi uzmanl\u0131k gerektiren bir i\u015ftir.\u00a0 Uygun fiyatlara temin edildi\u011fi d\u00fc\u015f\u00fcn\u00fclen bir\u00e7ok \u00fcr\u00fcn\u00fcn, \u00e7ok daha a\u011f\u0131r maddi hasarlara neden oldu\u011fu taraf\u0131m\u0131zdan defalarca kez g\u00f6zlemlenmi\u015ftir.<\/p>\n","protected":false},"excerpt":{"rendered":"<p>\u0130\u015e MAK\u0130NELER\u0130 ELEKTRON\u0130K \u00dcR\u00dcNLER\u0130N SATI\u015e \u2013 BAKIM VE ONARIM \u0130\u015f makinelerinde bir\u00e7ok elektronik \u00fcr\u00fcn bulunmaktad\u0131r\u00a0 ( ECM ,Monit\u00f6r,Kontrol panli, g\u00f6sterge paneli, elektronik pedal\u00a0 ve joystick\u00a0 v.b&#8230; ). Elektronik \u00fcr\u00fcnler yap\u0131s\u0131 gere\u011fi \u0131s\u0131 ve titre\u015fimden etkilenmekte ve bu durum \u00fcr\u00fcnlerin zaman i\u00e7ersisinde ar\u0131zalanmas\u0131na ya da d\u00fczg\u00fcn \u00e7al\u0131\u015famamas\u0131na neden olmaktad\u0131r. Bunlara ek olarak makinelerin a\u011f\u0131r ko\u015fullarda ve [&hellip;]<\/p>\n","protected":false},"author":1,"featured_media":0,"parent":9040,"menu_order":0,"comment_status":"closed","ping_status":"closed","template":"","meta":{"footnotes":""},"class_list":["post-9172","page","type-page","status-publish","hentry"],"_links":{"self":[{"href":"https:\/\/www.aydoganismak.com\/index.php\/wp-json\/wp\/v2\/pages\/9172","targetHints":{"allow":["GET"]}}],"collection":[{"href":"https:\/\/www.aydoganismak.com\/index.php\/wp-json\/wp\/v2\/pages"}],"about":[{"href":"https:\/\/www.aydoganismak.com\/index.php\/wp-json\/wp\/v2\/types\/page"}],"author":[{"embeddable":true,"href":"https:\/\/www.aydoganismak.com\/index.php\/wp-json\/wp\/v2\/users\/1"}],"replies":[{"embeddable":true,"href":"https:\/\/www.aydoganismak.com\/index.php\/wp-json\/wp\/v2\/comments?post=9172"}],"version-history":[{"count":2,"href":"https:\/\/www.aydoganismak.com\/index.php\/wp-json\/wp\/v2\/pages\/9172\/revisions"}],"predecessor-version":[{"id":9196,"href":"https:\/\/www.aydoganismak.com\/index.php\/wp-json\/wp\/v2\/pages\/9172\/revisions\/9196"}],"up":[{"embeddable":true,"href":"https:\/\/www.aydoganismak.com\/index.php\/wp-json\/wp\/v2\/pages\/9040"}],"wp:attachment":[{"href":"https:\/\/www.aydoganismak.com\/index.php\/wp-json\/wp\/v2\/media?parent=9172"}],"curies":[{"name":"wp","href":"https:\/\/api.w.org\/{rel}","templated":true}]}}