{"id":9174,"date":"2023-04-06T08:34:21","date_gmt":"2023-04-06T08:34:21","guid":{"rendered":"https:\/\/alfayazilim.com.tr\/aydogan\/?page_id=9174"},"modified":"2023-04-06T08:48:18","modified_gmt":"2023-04-06T08:48:18","slug":"is-makinelerinin-elektrik-tesisatlarinin-orumu","status":"publish","type":"page","link":"https:\/\/www.aydoganismak.com\/index.php\/hizmetlerimiz\/is-makinelerinin-elektrik-tesisatlarinin-orumu\/","title":{"rendered":"\u0130\u015f Makinelerinin Elektrik Tesisatlar\u0131n\u0131n \u00d6r\u00fcm\u00fc"},"content":{"rendered":"\t\t<div data-elementor-type=\"wp-page\" data-elementor-id=\"9174\" class=\"elementor elementor-9174\">\n\t\t\t\t\t\t\t        <section class=\"elementor-section elementor-top-section elementor-element elementor-element-6e32fa2 elementor-section-boxed elementor-section-height-default elementor-section-height-default ct-header-fixed-none ct-column-none ct-row-scroll-none ct-row-gradient--none\" data-id=\"6e32fa2\" data-element_type=\"section\">\n            \n                        <div class=\"elementor-container elementor-column-gap-default \">\n                    <div class=\"elementor-column elementor-col-100 elementor-top-column elementor-element elementor-element-e1f9347 ct-column-none col-offset-none col-color-offset-none\" data-id=\"e1f9347\" data-element_type=\"column\">\n            <div class=\"elementor-widget-wrap elementor-element-populated\">\n                        \t\t<div class=\"elementor-element elementor-element-3c5515e elementor-widget elementor-widget-text-editor\" data-id=\"3c5515e\" data-element_type=\"widget\" data-widget_type=\"text-editor.default\">\n\t\t\t\t<div class=\"elementor-widget-container\">\n\t\t\t<style>\/*! elementor - v3.13.2 - 11-05-2023 *\/\n.elementor-widget-text-editor.elementor-drop-cap-view-stacked .elementor-drop-cap{background-color:#69727d;color:#fff}.elementor-widget-text-editor.elementor-drop-cap-view-framed .elementor-drop-cap{color:#69727d;border:3px solid;background-color:transparent}.elementor-widget-text-editor:not(.elementor-drop-cap-view-default) .elementor-drop-cap{margin-top:8px}.elementor-widget-text-editor:not(.elementor-drop-cap-view-default) .elementor-drop-cap-letter{width:1em;height:1em}.elementor-widget-text-editor .elementor-drop-cap{float:left;text-align:center;line-height:1;font-size:50px}.elementor-widget-text-editor .elementor-drop-cap-letter{display:inline-block}<\/style>\t\t\t\t<p style=\"text-align: justify;\"><strong>ELEKTR\u0130K TES\u0130SATLARINIZIN PVC \u0130ZOLEL\u0130 KABLO \u0130LE KAPLANMASI <\/strong><\/p><p style=\"text-align: justify;\">Aydo\u011fan \u0130\u015f Makineleri, i\u015f makinelerinin elektrik tesisatlar\u0131n\u0131n \u00fcretiminin yan\u0131 s\u0131ra \u00fcretilmi\u015f tesisatlar\u0131n kaplanmas\u0131 alan\u0131nda da hizmet vermektedir. Elektrik tesisatlar\u0131n\u0131z, pvc kaplamal\u0131 iplikler ile \u00f6r\u00fclmektedir. PVC iplik kullan\u0131lmas\u0131n\u0131n bir\u00e7ok nedeni vard\u0131r.<\/p><p style=\"text-align: justify;\">Firmam\u0131z i\u015f makinelerinin\u00a0 tesisatlar\u0131n\u0131n \u00fcretiminde farkl\u0131 renk se\u00e7eneklerine sahip\u00a0 PVC iplikler kullanmaktad\u0131r. PVC Sa\u011flam, hafif, g\u00fc\u00e7l\u00fc, \u0131s\u0131ya dayan\u0131kl\u0131, m\u00fckemmel yal\u0131t\u0131m \u00f6zellikleri ve d\u00fc\u015f\u00fck su ge\u00e7irgenli\u011fi olan bir malzemedir. Ayr\u0131ca PVC iplikler bir kablo demetine zarar verebilecek t\u00fcm s\u0131v\u0131lara kar\u015f\u0131 y\u00fcksek dayan\u0131m oran\u0131na sahiptirler.<\/p><p style=\"text-align: justify;\">A\u015fa\u011f\u0131da yer alan iki g\u00f6rsel incelendi\u011finde pvc kaplaman\u0131n, tesisatlarda kullan\u0131lan spiral hortuma k\u0131yasla ne kadar dayan\u0131kl\u0131 oldu\u011fu g\u00f6r\u00fclmektedir.<\/p>\t\t\t\t\t\t<\/div>\n\t\t\t\t<\/div>\n\t\t            <\/div>\n        <\/div>\n                            <\/div>\n        <\/section>\n                <section class=\"elementor-section elementor-top-section elementor-element elementor-element-d1466d4 elementor-section-boxed elementor-section-height-default elementor-section-height-default ct-header-fixed-none ct-column-none ct-row-scroll-none ct-row-gradient--none\" data-id=\"d1466d4\" data-element_type=\"section\">\n            \n                        <div class=\"elementor-container elementor-column-gap-default \">\n                    <div class=\"elementor-column elementor-col-50 elementor-top-column elementor-element elementor-element-8c77a80 ct-column-none col-offset-none col-color-offset-none\" data-id=\"8c77a80\" data-element_type=\"column\">\n            <div class=\"elementor-widget-wrap elementor-element-populated\">\n                        \t\t<div class=\"elementor-element elementor-element-8f995cb elementor-widget elementor-widget-image\" data-id=\"8f995cb\" data-element_type=\"widget\" data-widget_type=\"image.default\">\n\t\t\t\t<div class=\"elementor-widget-container\">\n\t\t\t<style>\/*! elementor - v3.13.2 - 11-05-2023 *\/\n.elementor-widget-image{text-align:center}.elementor-widget-image a{display:inline-block}.elementor-widget-image a img[src$=\".svg\"]{width:48px}.elementor-widget-image img{vertical-align:middle;display:inline-block}<\/style>\t\t\t\t\t\t\t\t\t\t\t\t<img decoding=\"async\" width=\"277\" height=\"163\" src=\"https:\/\/www.aydoganismak.com\/wp-content\/uploads\/2023\/04\/Resim1.jpg\" class=\"attachment-large size-large wp-image-9191\" alt=\"\" \/>\t\t\t\t\t\t\t\t\t\t\t\t\t\t\t<\/div>\n\t\t\t\t<\/div>\n\t\t\t\t<div class=\"elementor-element elementor-element-1e92d20 elementor-widget elementor-widget-text-editor\" data-id=\"1e92d20\" data-element_type=\"widget\" data-widget_type=\"text-editor.default\">\n\t\t\t\t<div class=\"elementor-widget-container\">\n\t\t\t\t\t\t\t<p style=\"text-align: center;\">\u00a0\u00a0\u00a0 Spiral hortumla kaplanm\u0131\u015f iki y\u0131ll\u0131k tesisat\u00a0\u00a0\u00a0\u00a0\u00a0\u00a0\u00a0\u00a0\u00a0\u00a0\u00a0\u00a0\u00a0\u00a0\u00a0\u00a0\u00a0\u00a0\u00a0\u00a0\u00a0<\/p>\t\t\t\t\t\t<\/div>\n\t\t\t\t<\/div>\n\t\t            <\/div>\n        <\/div>\n                <div class=\"elementor-column elementor-col-50 elementor-top-column elementor-element elementor-element-0092fa1 ct-column-none col-offset-none col-color-offset-none\" data-id=\"0092fa1\" data-element_type=\"column\">\n            <div class=\"elementor-widget-wrap elementor-element-populated\">\n                        \t\t<div class=\"elementor-element elementor-element-b1bc124 elementor-widget elementor-widget-image\" data-id=\"b1bc124\" data-element_type=\"widget\" data-widget_type=\"image.default\">\n\t\t\t\t<div class=\"elementor-widget-container\">\n\t\t\t\t\t\t\t\t\t\t\t\t\t\t\t<img decoding=\"async\" width=\"285\" height=\"161\" src=\"https:\/\/www.aydoganismak.com\/wp-content\/uploads\/2023\/04\/Resim2.jpg\" class=\"attachment-large size-large wp-image-9190\" alt=\"\" \/>\t\t\t\t\t\t\t\t\t\t\t\t\t\t\t<\/div>\n\t\t\t\t<\/div>\n\t\t\t\t<div class=\"elementor-element elementor-element-f5e3f43 elementor-widget elementor-widget-text-editor\" data-id=\"f5e3f43\" data-element_type=\"widget\" data-widget_type=\"text-editor.default\">\n\t\t\t\t<div class=\"elementor-widget-container\">\n\t\t\t\t\t\t\t<p style=\"text-align: center;\">PVC iplik ile kaplanm\u0131\u015f 15 y\u0131ll\u0131k tesisat<\/p>\t\t\t\t\t\t<\/div>\n\t\t\t\t<\/div>\n\t\t            <\/div>\n        <\/div>\n                            <\/div>\n        <\/section>\n                <section class=\"elementor-section elementor-top-section elementor-element elementor-element-31d015d elementor-section-boxed elementor-section-height-default elementor-section-height-default ct-header-fixed-none ct-column-none ct-row-scroll-none ct-row-gradient--none\" data-id=\"31d015d\" data-element_type=\"section\">\n            \n                        <div class=\"elementor-container elementor-column-gap-default \">\n                    <div class=\"elementor-column elementor-col-100 elementor-top-column elementor-element elementor-element-141622a ct-column-none col-offset-none col-color-offset-none\" data-id=\"141622a\" data-element_type=\"column\">\n            <div class=\"elementor-widget-wrap elementor-element-populated\">\n                        \t\t<div class=\"elementor-element elementor-element-dae540b elementor-widget elementor-widget-text-editor\" data-id=\"dae540b\" data-element_type=\"widget\" data-widget_type=\"text-editor.default\">\n\t\t\t\t<div class=\"elementor-widget-container\">\n\t\t\t\t\t\t\t<p style=\"text-align: justify;\"><strong>PVC KAPLAMALI \u0130PL\u0130K:\u00a0 Neden pvc kapl\u0131 ipli\u011fi tercih etmeliyiz ? <\/strong><\/p><ol style=\"text-align: justify;\"><li><strong>Ate\u015fe dayan\u0131m:<\/strong> PVC, polimer zincirinde klor atomu ta\u015f\u0131mas\u0131 nedeniyle do\u011fal olarak zor tutu\u015fmaktad\u0131r, yani alev alma s\u0131cakl\u0131\u011f\u0131 y\u00fcksektir. Yanma, \u0131s\u0131 kayna\u011f\u0131 kald\u0131r\u0131l\u0131nca hemen durmaktad\u0131r. Elektrik tesisatlar\u0131n\u0131n, makinelerin her yerini bir a\u011f gibi sard\u0131\u011f\u0131 d\u00fc\u015f\u00fcn\u00fcld\u00fcg\u00fcnde, makinede olu\u015fabilecek herhangi bir yang\u0131n tesisatlar vas\u0131tas\u0131 ile makinenin \u00e7e\u015fitli alanlar\u0131na ta\u015f\u0131nabilmektedir. PVC kaplamal\u0131 iplik bu durumun \u00f6n\u00fcne ge\u00e7mektedir.<\/li><\/ol><ol style=\"text-align: justify;\" start=\"2\"><li><strong>Uzun \u00f6m\u00fcrl\u00fcl\u00fck:<\/strong>PVC hava \u015fartlar\u0131na, kimyasal \u00e7\u00fcr\u00fcmeye, korozyona, \u015foka ve a\u015f\u0131nmaya dayan\u0131kl\u0131d\u0131r. Bu y\u00fczden pvc kaplamal\u0131 iplik tesisatlar\u0131n\u0131z\u0131n \u00f6mr\u00fcn\u00fc uzat\u0131r.<\/li><\/ol><ol style=\"text-align: justify;\" start=\"3\"><li><strong>Estetik g\u00f6r\u00fcn\u00fcm: <\/strong>PVC ler bir\u00e7ok farkl\u0131 kimyasal maddeler ile birle\u015ftirilebilir. Bu \u00f6zellikleri ile muadillerine k\u0131yasla daha fazla renk ve estetik g\u00f6r\u00fcn\u00fcm sunabilirler.<\/li><\/ol><p style=\"text-align: justify;\"><strong>A\u011frl\u0131kl\u0131 olarak <\/strong><\/p><ul style=\"text-align: justify;\"><li>Kompozit end\u00fcstrisi<\/li><li>Elektrik Ekipmanlar\u0131<\/li><li>Medikal Sanayi<\/li><li>Savunma Sanayi<\/li><li>Telekominikasyon<\/li><\/ul><p style=\"text-align: justify;\">alanlar\u0131nda\u00a0 kullan\u0131lmaktad\u0131rlar.<\/p><p style=\"text-align: justify;\">\u00a0<\/p><p style=\"text-align: justify;\">\u00a0<\/p>\t\t\t\t\t\t<\/div>\n\t\t\t\t<\/div>\n\t\t            <\/div>\n        <\/div>\n                            <\/div>\n        <\/section>\n        \t\t\t\t\t<\/div>\n\t\t","protected":false},"excerpt":{"rendered":"<p>ELEKTR\u0130K TES\u0130SATLARINIZIN PVC \u0130ZOLEL\u0130 KABLO \u0130LE KAPLANMASI Aydo\u011fan \u0130\u015f Makineleri, i\u015f makinelerinin elektrik tesisatlar\u0131n\u0131n \u00fcretiminin yan\u0131 s\u0131ra \u00fcretilmi\u015f tesisatlar\u0131n kaplanmas\u0131 alan\u0131nda da hizmet vermektedir. Elektrik tesisatlar\u0131n\u0131z, pvc kaplamal\u0131 iplikler ile \u00f6r\u00fclmektedir. PVC iplik kullan\u0131lmas\u0131n\u0131n bir\u00e7ok nedeni vard\u0131r. Firmam\u0131z i\u015f makinelerinin\u00a0 tesisatlar\u0131n\u0131n \u00fcretiminde farkl\u0131 renk se\u00e7eneklerine sahip\u00a0 PVC iplikler kullanmaktad\u0131r. PVC Sa\u011flam, hafif, g\u00fc\u00e7l\u00fc, \u0131s\u0131ya dayan\u0131kl\u0131, [&hellip;]<\/p>\n","protected":false},"author":1,"featured_media":0,"parent":9040,"menu_order":0,"comment_status":"closed","ping_status":"closed","template":"","meta":{"footnotes":""},"class_list":["post-9174","page","type-page","status-publish","hentry"],"_links":{"self":[{"href":"https:\/\/www.aydoganismak.com\/index.php\/wp-json\/wp\/v2\/pages\/9174","targetHints":{"allow":["GET"]}}],"collection":[{"href":"https:\/\/www.aydoganismak.com\/index.php\/wp-json\/wp\/v2\/pages"}],"about":[{"href":"https:\/\/www.aydoganismak.com\/index.php\/wp-json\/wp\/v2\/types\/page"}],"author":[{"embeddable":true,"href":"https:\/\/www.aydoganismak.com\/index.php\/wp-json\/wp\/v2\/users\/1"}],"replies":[{"embeddable":true,"href":"https:\/\/www.aydoganismak.com\/index.php\/wp-json\/wp\/v2\/comments?post=9174"}],"version-history":[{"count":4,"href":"https:\/\/www.aydoganismak.com\/index.php\/wp-json\/wp\/v2\/pages\/9174\/revisions"}],"predecessor-version":[{"id":9194,"href":"https:\/\/www.aydoganismak.com\/index.php\/wp-json\/wp\/v2\/pages\/9174\/revisions\/9194"}],"up":[{"embeddable":true,"href":"https:\/\/www.aydoganismak.com\/index.php\/wp-json\/wp\/v2\/pages\/9040"}],"wp:attachment":[{"href":"https:\/\/www.aydoganismak.com\/index.php\/wp-json\/wp\/v2\/media?parent=9174"}],"curies":[{"name":"wp","href":"https:\/\/api.w.org\/{rel}","templated":true}]}}