{"id":9181,"date":"2023-04-06T08:37:01","date_gmt":"2023-04-06T08:37:01","guid":{"rendered":"https:\/\/alfayazilim.com.tr\/aydogan\/?page_id=9181"},"modified":"2023-04-06T08:41:39","modified_gmt":"2023-04-06T08:41:39","slug":"neden-bizi-tercih-etmelisiniz","status":"publish","type":"page","link":"https:\/\/www.aydoganismak.com\/index.php\/neden-bizi-tercih-etmelisiniz\/","title":{"rendered":"NEDEN B\u0130Z\u0130 TERC\u0130H ETMEL\u0130S\u0130N\u0130Z?"},"content":{"rendered":"<p style=\"text-align: justify;\"><strong>\u00c7eyrek as\u0131rl\u0131k deneyim<\/strong>: Aydo\u011fan \u0130\u015f Makineleri 25 y\u0131ll\u0131k deneyimi ve uzman kadrosu ile b\u00fcg\u00fcne kadar i\u015f makinelerinin \u00e7al\u0131\u015ft\u0131\u011f\u0131 bir\u00e7ok projede, \u015fantiyelere teknik destek sa\u011flam\u0131\u015ft\u0131r ve hala sa\u011flamaya devam etmektedir.<\/p>\n<p style=\"text-align: justify;\"><strong>D\u00fc\u015f\u00fck Maliyetler: \u00a0<\/strong>Avrupa ve Asya da olu\u015fturdu\u011fu network ile yedek par\u00e7a alan\u0131nda \u00a0sizlere geni\u015f bir fiyat yelpazesi sunabilmektedir. Ayr\u0131ca dilerseniz \u015fantiyenize gelmeden uzaktan ba\u011flant\u0131 ile probleminizi \u00e7\u00f6zmekte ve bunun i\u00e7in \u00fccret talep etmemektedir.<\/p>\n<p style=\"text-align: justify;\"><strong>Kaliteli hizmet: <\/strong>Bug\u00fcne kadar d\u00fcnyan\u0131n farkl\u0131 b\u00f6lgelerinde fark\u0131 firmalarla \u00e7al\u0131\u015fm\u0131\u015f olman\u0131n g\u00fcveniyle m\u00fc\u015fterilerimizin iste\u011fi do\u011frultusunda en makul \u00e7\u00f6z\u00fcmleri kalite standartlar\u0131na uygun bi\u00e7imde \u00e7\u00f6zmekteyiz.<\/p>\n<p style=\"text-align: justify;\"><strong>Verimli hizmet: \u00a0<\/strong>Tek tek her i\u015f makinesinin dosyas\u0131n\u0131 tutmakta ve bu sayede\u00a0 i\u015f makinelerinin ar\u0131zalar\u0131na neden olan problemleri\u00a0 ivedi bi\u00e7imde \u00e7\u00f6zmekteyiz. Ar\u0131zaya neden olan bir\u00e7ok problem makinelerin do\u011fru kullan\u0131lmamas\u0131ndan kaynaklanmaktad\u0131r. Bu y\u00fczden \u00e7al\u0131\u015ft\u0131\u011f\u0131m\u0131z \u015fantiyelerin elektrik teknisyenlerine her konuda yard\u0131mc\u0131 olmakta ve meslek ya\u015famlar\u0131nda geli\u015fimlerine katk\u0131da bulunmaktay\u0131z.<\/p>\n","protected":false},"excerpt":{"rendered":"<p>\u00c7eyrek as\u0131rl\u0131k deneyim: Aydo\u011fan \u0130\u015f Makineleri 25 y\u0131ll\u0131k deneyimi ve uzman kadrosu ile b\u00fcg\u00fcne kadar i\u015f makinelerinin \u00e7al\u0131\u015ft\u0131\u011f\u0131 bir\u00e7ok projede, \u015fantiyelere teknik destek sa\u011flam\u0131\u015ft\u0131r ve hala sa\u011flamaya devam etmektedir. D\u00fc\u015f\u00fck Maliyetler: \u00a0Avrupa ve Asya da olu\u015fturdu\u011fu network ile yedek par\u00e7a alan\u0131nda \u00a0sizlere geni\u015f bir fiyat yelpazesi sunabilmektedir. Ayr\u0131ca dilerseniz \u015fantiyenize gelmeden uzaktan ba\u011flant\u0131 ile probleminizi [&hellip;]<\/p>\n","protected":false},"author":1,"featured_media":0,"parent":0,"menu_order":0,"comment_status":"closed","ping_status":"closed","template":"","meta":{"footnotes":""},"class_list":["post-9181","page","type-page","status-publish","hentry"],"_links":{"self":[{"href":"https:\/\/www.aydoganismak.com\/index.php\/wp-json\/wp\/v2\/pages\/9181","targetHints":{"allow":["GET"]}}],"collection":[{"href":"https:\/\/www.aydoganismak.com\/index.php\/wp-json\/wp\/v2\/pages"}],"about":[{"href":"https:\/\/www.aydoganismak.com\/index.php\/wp-json\/wp\/v2\/types\/page"}],"author":[{"embeddable":true,"href":"https:\/\/www.aydoganismak.com\/index.php\/wp-json\/wp\/v2\/users\/1"}],"replies":[{"embeddable":true,"href":"https:\/\/www.aydoganismak.com\/index.php\/wp-json\/wp\/v2\/comments?post=9181"}],"version-history":[{"count":3,"href":"https:\/\/www.aydoganismak.com\/index.php\/wp-json\/wp\/v2\/pages\/9181\/revisions"}],"predecessor-version":[{"id":9188,"href":"https:\/\/www.aydoganismak.com\/index.php\/wp-json\/wp\/v2\/pages\/9181\/revisions\/9188"}],"wp:attachment":[{"href":"https:\/\/www.aydoganismak.com\/index.php\/wp-json\/wp\/v2\/media?parent=9181"}],"curies":[{"name":"wp","href":"https:\/\/api.w.org\/{rel}","templated":true}]}}